{"id":6761,"date":"2021-05-01T15:32:18","date_gmt":"2021-05-01T14:32:18","guid":{"rendered":"http:\/\/einfach-spanisch-lernen.ch\/?page_id=6761"},"modified":"2021-05-16T17:45:52","modified_gmt":"2021-05-16T16:45:52","slug":"sobre-mi","status":"publish","type":"page","link":"https:\/\/einfach-spanisch-lernen.ch\/","title":{"rendered":"\u00dcber mich &#8211; Pilar Garc\u00eda-Arroba Solano"},"content":{"rendered":"<style type=\"text\/css\"><\/style>\n<div class=\"wp-block-columns is-layout-flex wp-container-core-columns-is-layout-9d6595d7 wp-block-columns-is-layout-flex\">\n<div class=\"wp-block-column is-layout-flow wp-block-column-is-layout-flow\">\n<figure class=\"wp-block-image size-large is-style-default\"><img loading=\"lazy\" decoding=\"async\" width=\"1024\" height=\"683\" src=\"http:\/\/einfach-spanisch-lernen.ch\/wp-content\/uploads\/2021\/05\/IMG_3242-1024x683.jpg\" alt=\"\" class=\"wp-image-6765\" srcset=\"https:\/\/einfach-spanisch-lernen.ch\/wp-content\/uploads\/2021\/05\/IMG_3242-1024x683.jpg 1024w, https:\/\/einfach-spanisch-lernen.ch\/wp-content\/uploads\/2021\/05\/IMG_3242-300x200.jpg 300w, https:\/\/einfach-spanisch-lernen.ch\/wp-content\/uploads\/2021\/05\/IMG_3242-768x512.jpg 768w, https:\/\/einfach-spanisch-lernen.ch\/wp-content\/uploads\/2021\/05\/IMG_3242-1536x1024.jpg 1536w, https:\/\/einfach-spanisch-lernen.ch\/wp-content\/uploads\/2021\/05\/IMG_3242-2048x1365.jpg 2048w, https:\/\/einfach-spanisch-lernen.ch\/wp-content\/uploads\/2021\/05\/IMG_3242-580x387.jpg 580w, https:\/\/einfach-spanisch-lernen.ch\/wp-content\/uploads\/2021\/05\/IMG_3242-860x573.jpg 860w, https:\/\/einfach-spanisch-lernen.ch\/wp-content\/uploads\/2021\/05\/IMG_3242-1160x773.jpg 1160w, https:\/\/einfach-spanisch-lernen.ch\/wp-content\/uploads\/2021\/05\/IMG_3242-1320x880.jpg 1320w\" sizes=\"auto, (max-width: 1024px) 100vw, 1024px\" \/><\/figure>\n\n\n\n<p>Ich bin Pilar (Mapi) und ich komme aus Madrid (Spanien).&nbsp;Seit 2013 wohne ich in der Schweiz und arbeite als Spanisch- und Geschichtelehrerin.<\/p>\n\n\n\n<p>Nachdem ich mein Studium in Madrid abgeschlossen habe, leitete ich mit grossem Engagement verschiedene Kurse f\u00fcr Jugendliche und Erwachsene an verschiedenen Institutionen in Madrid.<\/p>\n\n\n\n<p>Hier entdeckte ich, dass das Unterrichten meine Berufung ist.<\/p>\n\n\n\n<p>Ich habe verschiedene Weiterbildungen in Didaktik, Rhetorik und Spanisch besucht.<\/p>\n\n\n\n<p>Ich bin im Bereich Erwachsenenbildung (Universit\u00e4t Carlos III de Madrid) zertifiziert.<\/p>\n\n\n\n<p>Ich habe einen Master in Education (Universit\u00e4t Complutense de Madrid) beschlossen.<\/p>\n\n\n\n<p>Zudem bin ich ausgebildete Sprachlehrerin f\u00fcr Spanisch als Fremdsprache (ELE Zertifikat) durch meinen Abschluss am International House Barcelona, das vom Instituto Cervantes und der Universit\u00e4t von Barcelona akkreditiert ist.<\/p>\n\n\n\n<p>In Spanien und in der Schweiz habe ich Spanisch unterrichtet \u2013 privat sowie an Schulen wie International House, SBL Sprachschule, PLL Sprachschule und academia International School.<\/p>\n\n\n\n<p><span style=\"color:#3864b2\" class=\"has-inline-color\"><strong>Mapi Spanisch &amp; Kultur Ecke<\/strong><\/span> ist mein pers\u00f6nliches Projekt, um Spanisch in der Schweiz lehren und verbreiten, und Sch\u00fclern zu helfen, selbstbewusst Spanisch zu sprechen und \u00fcber eine solide Grammatik zu verf\u00fcgen.<\/p>\n\n\n\n<p>Ich werde es lieben, Sie in einem Spanischkurs zu treffen und Ihnen die Kultur und Sprache der spanischsprachigen L\u00e4nder beizubringen.<\/p>\n\n\n\n<p><a href=\"http:\/\/einfach-spanisch-lernen.ch\/index.php\/kontakt\/\" target=\"_blank\" rel=\"noreferrer noopener\">Kontaktieren Sie mich f\u00fcr eine kostenlose Probelektion<\/a><\/p>\n<\/div>\n\n\n\n<div class=\"wp-block-column is-layout-flow wp-block-column-is-layout-flow\">\n<h3 class=\"wp-block-heading\"><strong><u><span style=\"color:#3864b2\" class=\"has-inline-color\">Mapi Spanisch &amp; Kultur Ecke: <\/span>Die kleine Spanisch Schule mit guter Laune<\/u><\/strong><\/h3>\n\n\n\n<p><strong>Meine Methode<\/strong><\/p>\n\n\n\n<p>Ohne Grammatik und Wortschatz lernen geht\u2019s nicht\u2026 aber mit abwechslungsreichen Lehr- und Lernmethoden l\u00e4sst sich die Theorie sehr gut mit kulturellen, literarischen, musikalischen und vielen weiteren interessanten Aspekten des Spanischen verbinden, so dass das Lernen Spass macht und f\u00fcr die Umsetzung in die Praxis motiviert. Mein Unterricht basiert auf dem Ansatz des kommunikativen Lernens.<\/p>\n\n\n\n<p>Die Erfahrung zeigt, dass das Erlernen einer Fremdsprache am effizientesten ist, wenn die Studenten beim Lernen Freude haben. Deshalb gestalte ich den Unterricht so kurzweilig, dass die Lernenden w\u00e4hrend der Lektionen die Zeit vergessen.<\/p>\n\n\n\n<p>Ich stimme die Lektionen auf Ihre spezifischen Bed\u00fcrfnisse und Ihren individuellen Lernfortschritt ab. Die \u00dcbungen behandeln aktuelle Themen, Spiele, Rollenspiele usw. Meine Lektionen werden dadurch lebendig und animieren zur Interaktion mit anderen Teilnehmern und mir selbst.<\/p>\n\n\n\n<p>Die Erfahrungen mit Privatsch\u00fclerInnen haben mir gezeigt, wie wertvoll eine gute Beziehung sein kann, um die Fremdsprache mit Genuss und Leichtigkeit zu lernen und zu unterrichten.<\/p>\n\n\n\n<p>In Abh\u00e4ngigkeit Ihres Zeitbudgets und Lernzieles werde ich Ihnen Hausaufgaben mitgeben, um den Lernprozess zu unterst\u00fctzen.<\/p>\n\n\n\n<p>Wir stellen Ihnen gerne einen pers\u00f6nlichen Lehrplan zusammen, um Ihnen zu helfen das gesteckte Lernziel systematisch und effizient zu erreichen.<\/p>\n\n\n\n<p><u><span style=\"color:#3864b2\" class=\"has-inline-color\"><\/span><\/u><strong> <strong><span style=\"color:#3864b2\" class=\"has-inline-color\">Mapi Spanisch &amp; Kultur Ecke<\/span><\/strong><\/strong> <strong>bietet Ihnen das passende Kursformat:<\/strong><\/p>\n\n\n\n<ul class=\"wp-block-list\"><li>Einzelunterricht, Gruppenkurse, Firmenkurse oder (auf Anfrage) Online Classroom<\/li><li>mit oder ohne Vorbereitung auf international anerkannte Zertifikate und Diplome<\/li><\/ul>\n\n\n\n<p>Alle die Sprachkurse bei <strong><u><span style=\"color:#3864b2\" class=\"has-inline-color\"><\/span><\/u><span style=\"color:#3864b2\" class=\"has-inline-color\">Mapi Spanisch &amp; Kultur Ecke<\/span><\/strong> orientieren sich am <a href=\"https:\/\/www.europaeischer-referenzrahmen.de\/\" target=\"_blank\" rel=\"noreferrer noopener\">Europ\u00e4ischen Referenzrahmen f\u00fcr Sprachen.<\/a><\/p>\n\n\n\n<p>Die definitive Kursanmeldung erfolgt nach einer kostenlosen Beratungsstunde direkt bei der<span style=\"color:#3864b2\" class=\"has-inline-color\"> <strong>Mapi Spanisch &amp; Kultur Ecke<\/strong>.<\/span> Der Einstieg ist jederzeit m\u00f6glich.<\/p>\n\n\n\n<p>Die Entscheidung liegt jedoch bei Ihnen.<\/p>\n\n\n\n<p>Melden Sie sich f\u00fcr eine <strong>kostenlose Beratungs-\/Probelektion<\/strong> entweder \u00fcber eine E-Mail an: info@einfach-spanisch-lernen.ch, telefonisch (Nr.: 076 274 93 90) oder per Anmeldeformular an.<\/p>\n<\/div>\n<\/div>\n","protected":false},"excerpt":{"rendered":"<p>Ich bin Pilar (Mapi) und ich komme aus Madrid (Spanien).&nbsp;Seit 2013 wohne ich in der Schweiz und arbeite als Spanisch-&#8230;<\/p>\n","protected":false},"author":2,"featured_media":0,"parent":0,"menu_order":0,"comment_status":"closed","ping_status":"closed","template":"","meta":{"footnotes":""},"class_list":["post-6761","page","type-page","status-publish","hentry"],"aioseo_notices":[],"_links":{"self":[{"href":"https:\/\/einfach-spanisch-lernen.ch\/index.php\/wp-json\/wp\/v2\/pages\/6761","targetHints":{"allow":["GET"]}}],"collection":[{"href":"https:\/\/einfach-spanisch-lernen.ch\/index.php\/wp-json\/wp\/v2\/pages"}],"about":[{"href":"https:\/\/einfach-spanisch-lernen.ch\/index.php\/wp-json\/wp\/v2\/types\/page"}],"author":[{"embeddable":true,"href":"https:\/\/einfach-spanisch-lernen.ch\/index.php\/wp-json\/wp\/v2\/users\/2"}],"replies":[{"embeddable":true,"href":"https:\/\/einfach-spanisch-lernen.ch\/index.php\/wp-json\/wp\/v2\/comments?post=6761"}],"version-history":[{"count":22,"href":"https:\/\/einfach-spanisch-lernen.ch\/index.php\/wp-json\/wp\/v2\/pages\/6761\/revisions"}],"predecessor-version":[{"id":6867,"href":"https:\/\/einfach-spanisch-lernen.ch\/index.php\/wp-json\/wp\/v2\/pages\/6761\/revisions\/6867"}],"wp:attachment":[{"href":"https:\/\/einfach-spanisch-lernen.ch\/index.php\/wp-json\/wp\/v2\/media?parent=6761"}],"curies":[{"name":"wp","href":"https:\/\/api.w.org\/{rel}","templated":true}]}}